{"id":839,"date":"2025-04-14T20:27:20","date_gmt":"2025-04-14T20:27:20","guid":{"rendered":"https:\/\/microlearnontario.ca\/about\/"},"modified":"2025-09-03T21:13:37","modified_gmt":"2025-09-03T21:13:37","slug":"about","status":"publish","type":"page","link":"https:\/\/microlearnontario.ca\/fr\/about\/","title":{"rendered":"About"},"content":{"rendered":"\n<div class=\"page-content-container\" style=\"padding-top:2rem; padding-bottom:2rem;\">\n\n\t\t\n\t\t<div class=\"entry-content\">\n\n\n\n<div class=\"wp-block-columns about-page-header---- is-layout-flex wp-container-core-columns-is-layout-9d6595d7 wp-block-columns-is-layout-flex\">\n<div class=\"wp-block-column full-width-mobile is-layout-flow wp-block-column-is-layout-flow\" style=\"flex-basis:55%\">\n<h1 class=\"wp-block-heading mb-1 about-heading has-black-color has-text-color has-link-color wp-elements-8ca760087af3416599463ad0fb281056\" style=\"font-size:40px\">L\u2019histoire du portail des micro-titres de comp\u00e9tences<\/h1>\n\n\n\n<p class=\"large-font underline-paragraph-link has-black-color has-text-color has-link-color wp-elements-d6cc1a0f35e738ac26b194f058273479\">Le portail des micro-titres de comp\u00e9tences est la plateforme officielle de perfectionnement des comp\u00e9tences du gouvernement de l\u2019Ontario et l\u2019une des principales composantes de la <a href=\"https:\/\/www.ontario.ca\/fr\/page\/microcertifications-offertes-par-les-etablissements-postsecondaires-de-lontario\" target=\"_blank\" rel=\"noreferrer noopener\">Strat\u00e9gie des micro-titres de comp\u00e9tences<\/a> de l\u2019Ontario.<\/p>\n<\/div>\n\n\n\n<div class=\"wp-block-column m-display-none is-layout-flow wp-block-column-is-layout-flow\" style=\"flex-basis:45%\">\n<figure class=\"wp-block-image size-full\"><img loading=\"lazy\" decoding=\"async\" width=\"1233\" height=\"1260\" src=\"https:\/\/microlearnontario.ca\/wp-content\/uploads\/2025\/04\/MC-Portal-AboutUs-Banner.png\" alt=\"\" class=\"wp-image-573\" style=\"object-fit:cover\" srcset=\"https:\/\/microlearnontario.ca\/wp-content\/uploads\/2025\/04\/MC-Portal-AboutUs-Banner.png 1233w, https:\/\/microlearnontario.ca\/wp-content\/uploads\/2025\/04\/MC-Portal-AboutUs-Banner-294x300.png 294w, https:\/\/microlearnontario.ca\/wp-content\/uploads\/2025\/04\/MC-Portal-AboutUs-Banner-1002x1024.png 1002w, https:\/\/microlearnontario.ca\/wp-content\/uploads\/2025\/04\/MC-Portal-AboutUs-Banner-768x785.png 768w\" sizes=\"auto, (max-width: 1233px) 100vw, 1233px\" \/><\/figure>\n<\/div>\n<\/div>\n\n\n\n<\/div><\/div>\n\n\n\n<div style=\"background-color:#1e1a34\"><div class=\"page-content-container\" style=\"padding-top:1.2rem; padding-bottom:1.2rem;\"><p class=\"large-font has-white-color has-text-color has-background has-link-color\" >Cette plateforme, aliment\u00e9e par l\u2019information sur le march\u00e9 du travail, permet aux utilisateurs de trouver des occasions de perfectionnement et de recyclage pertinentes par profession, comp\u00e9tence, technologie, industrie ou mots-cl\u00e9s. Le portail recense les cours de l\u2019ensemble des coll\u00e8ges, des instituts autochtones et des universit\u00e9s de l\u2019Ontario.<\/p><\/div><\/div>\n\n\n\n<div class=\"page-content-container\">\n\n\t\t\n\t\t<div class=\"entry-content\">\n\n\n\n<div class=\"heading-container\"><h2 class=\"heading\"><span class=\"year\">2019<\/span><span class=\"text\">Programmes pilotes<\/span><\/h2><\/div>\n\n\n\n<div class=\"wp-block-columns border mb-1 d-flex is-layout-flex wp-container-core-columns-is-layout-9d6595d7 wp-block-columns-is-layout-flex\">\n<div class=\"wp-block-column is-layout-flow wp-block-column-is-layout-flow\" style=\"flex-basis:20%\"><div class=\"wp-block-image\">\n<figure class=\"aligncenter size-full\"><img loading=\"lazy\" decoding=\"async\" width=\"256\" height=\"256\" src=\"https:\/\/microlearnontario.ca\/wp-content\/uploads\/2025\/04\/2019-icon.png\" alt=\"\" class=\"wp-image-658\" style=\"object-fit:cover\" srcset=\"https:\/\/microlearnontario.ca\/wp-content\/uploads\/2025\/04\/2019-icon.png 256w, https:\/\/microlearnontario.ca\/wp-content\/uploads\/2025\/04\/2019-icon-150x150.png 150w\" sizes=\"auto, (max-width: 256px) 100vw, 256px\" \/><\/figure>\n<\/div><\/div>\n\n\n\n<div class=\"wp-block-column is-layout-flow wp-block-column-is-layout-flow\" style=\"flex-basis:80%\">\n<p class=\"underline-paragraph-link padding-1\"><a href=\"https:\/\/www.ontario.ca\/fr\/page\/microcertifications-offertes-par-les-etablissements-postsecondaires-de-lontario#section-1\" target=\"_blank\" rel=\"noreferrer noopener\">Avec le soutien du gouvernement de l\u2019Ontario<\/a>, eCampusOntario lance trente-six projets pilotes de micro-titres de comp\u00e9tences dans les coll\u00e8ges et universit\u00e9s de l\u2019Ontario. Chaque projet pilote repr\u00e9sente un partenariat unique avec un partenaire de l\u2019industrie et une r\u00e9ponse collaborative \u00e0 une lacune relev\u00e9e sur le plan des comp\u00e9tences.<\/p>\n\n\n\n<p class=\"underline-paragraph-link padding-1\">Un <a href=\"https:\/\/micro.ecampusontario.ca\/fr\/\" target=\"_blank\" rel=\"noreferrer noopener\">cadre de travail pour les micro-titres de comp\u00e9tences<\/a> est \u00e9labor\u00e9 par eCampusOntario avec un groupe de travail communautaire compos\u00e9 d\u2019employeurs, de coll\u00e8ges, d\u2019universit\u00e9s et d\u2019autres organismes publics qui se consacrent \u00e0 la mise en place d\u2019un \u00e9cosyst\u00e8me harmonis\u00e9 de perfectionnement des comp\u00e9tences en Ontario.<\/p>\n<\/div>\n<\/div>\n\n\n\n<div class=\"heading-container\"><h2 class=\"heading\"><span class=\"year\">2020<\/span><span class=\"text\">L\u2019Ontario lance sa Strat\u00e9gie des micro-titres de comp\u00e9tences<\/span><\/h2><\/div>\n\n\n\n<div class=\"wp-block-columns border mb-1 d-flex is-layout-flex wp-container-core-columns-is-layout-9d6595d7 wp-block-columns-is-layout-flex\">\n<div class=\"wp-block-column is-layout-flow wp-block-column-is-layout-flow\" style=\"flex-basis:20%\"><div class=\"wp-block-image\">\n<figure class=\"aligncenter size-full\"><img loading=\"lazy\" decoding=\"async\" width=\"234\" height=\"252\" src=\"https:\/\/microlearnontario.ca\/wp-content\/uploads\/2025\/04\/2020-icon.png\" alt=\"\" class=\"wp-image-677\" style=\"object-fit:cover\"\/><\/figure>\n<\/div><\/div>\n\n\n\n<div class=\"wp-block-column is-layout-flow wp-block-column-is-layout-flow\" style=\"flex-basis:80%\">\n<p class=\"underline-paragraph-link padding-1\">Le gouvernement de l\u2019Ontario investit 59,5 millions de dollars pour soutenir <a href=\"https:\/\/news.ontario.ca\/fr\/release\/1001346\/lontario-offre-de-nouveaux-programmes-de-formation-rapide\" target=\"_blank\" rel=\"noreferrer noopener\">la premi\u00e8re Strat\u00e9gie des micro-titres de comp\u00e9tences de l\u2019Ontario<\/a>, con\u00e7ue pour aider les personnes \u00e0 se recycler et \u00e0 perfectionner leurs comp\u00e9tences afin de trouver un nouvel emploi.<\/p>\n\n\n\n<p class=\"underline-paragraph-link padding-1\"><strong>Les micro-titres de comp\u00e9tences deviennent admissibles \u00e0 l\u2019aide aux \u00e9tudiants<\/strong><br>Le gouvernement de l\u2019Ontario \u00e9tend le R\u00e9gime d\u2019aide financi\u00e8re aux \u00e9tudiantes et \u00e9tudiants de l\u2019Ontario (RAFEO) <a href=\"https:\/\/news.ontario.ca\/fr\/release\/60792\/lontario-elargit-laide-financiere-aux-microcertifications\" target=\"_blank\" rel=\"noreferrer noopener\">\u00e0 plus de 600 programmes de micro-titres de comp\u00e9tences<\/a>, devenant ainsi l\u2019une des premi\u00e8res provinces au Canada \u00e0 soutenir financi\u00e8rement les \u00e9tudiants qui suivent des programmes de micro-titres de comp\u00e9tences \u00e0 temps partiel.<\/p>\n<\/div>\n<\/div>\n\n\n\n<div class=\"heading-container\"><h2 class=\"heading\"><span class=\"year\">2021<\/span><span class=\"text\">L\u2019Ontario lance le portail des micro-titres de comp\u00e9tences<\/span><\/h2><\/div>\n\n\n\n<div class=\"wp-block-columns border border-bottom-0 d-flex is-layout-flex wp-container-core-columns-is-layout-9d6595d7 wp-block-columns-is-layout-flex\">\n<div class=\"wp-block-column is-layout-flow wp-block-column-is-layout-flow\" style=\"flex-basis:20%\"><div class=\"wp-block-image\">\n<figure class=\"aligncenter size-full\"><img loading=\"lazy\" decoding=\"async\" width=\"286\" height=\"205\" src=\"https:\/\/microlearnontario.ca\/wp-content\/uploads\/2025\/04\/2021-icon.png\" alt=\"\" class=\"wp-image-689\" style=\"object-fit:cover\"\/><\/figure>\n<\/div><\/div>\n\n\n\n<div class=\"wp-block-column is-layout-flow wp-block-column-is-layout-flow\" style=\"flex-basis:80%\">\n<p class=\"underline-paragraph-link padding-1\">Le portail des micro-titres de comp\u00e9tences de l\u2019Ontario na\u00eet de l\u2019investissement de la <a href=\"https:\/\/news.ontario.ca\/fr\/release\/1001346\/lontario-offre-de-nouveaux-programmes-de-formation-rapide\" target=\"_blank\" rel=\"noreferrer noopener\">Strat\u00e9gie des micro-titres de comp\u00e9tences de l\u2019Ontario<\/a>. Cette plateforme permet aux utilisateurs de trouver des occasions de perfectionnement et de recyclage pertinentes par profession, comp\u00e9tence, technologie, industrie ou mot-cl\u00e9.<\/p>\n<\/div>\n<\/div>\n\n\n\n<div class=\"wp-block-columns border border-top-0 mb-1 is-layout-flex wp-container-core-columns-is-layout-9d6595d7 wp-block-columns-is-layout-flex\">\n<div class=\"wp-block-column is-layout-flow wp-block-column-is-layout-flow\">\n<p class=\"underline-paragraph-link padding-1\"><strong>L\u2019avenir est dans les micro-titres de comp\u00e9tences<\/strong> <br>eCampusOntario publie le rapport intitul\u00e9 <a href=\"https:\/\/ecampusontario.ca\/wp-content\/uploads\/2022\/03\/TheFutureisMicro-Final-FRENCH.pdf\" target=\"_blank\" rel=\"noreferrer noopener\">L\u2019avenir est dans les micro-titres de comp\u00e9tences : apprentissage num\u00e9rique et micro-titres de comp\u00e9tences pour l\u2019\u00e9ducation, la r\u00e9tention et l\u2019apprentissage permanent<\/a>, lequel d\u00e9crit les micro-titres de comp\u00e9tences et la mani\u00e8re dont ils peuvent soutenir et faire progresser les objectifs professionnels des personnes qui, \u00e0 leur tour, soutiennent la main-d\u2019oeuvre nationale. Ce rapport oriente les travaux futurs, de sorte que cette m\u00e9thode innovante de d\u00e9monstration de la ma\u00eetrise des comp\u00e9tences puisse \u00eatre peaufin\u00e9e en tant qu\u2019outil transformateur qui soutient la reconstruction de l\u2019\u00e9conomie et la cr\u00e9ation d\u2019un syst\u00e8me r\u00e9silient d\u2019apprentissage permanent \u00e0 la fois accessible, flexible et pertinent.<\/p>\n\n\n\n<p class=\"padding-1\">Le rapport a \u00e9t\u00e9 financ\u00e9 par le gouvernement de l\u2019Ontario, le Centre des comp\u00e9tences futures (une organisation sans but lucratif financ\u00e9e par le gouvernement du Canada), et cr\u00e9\u00e9 en partenariat entre eCampusOntario, le Diversity Institute, le Centre des comp\u00e9tences futures et Magnet de l\u2019Universit\u00e9 m\u00e9tropolitaine de Toronto.<\/p>\n\n\n\n<p class=\"underline-paragraph-link padding-1\"><strong>L\u2019Ontario investit dans un fonds d\u2019aide pour les micro-titres de comp\u00e9tences<\/strong><br>L\u2019Ontario fournit 15 millions de dollars dans le cadre du <a href=\"https:\/\/www.ontario.ca\/fr\/page\/microcertifications-offertes-par-les-etablissements-postsecondaires-de-lontario#section-3\" target=\"_blank\" rel=\"noreferrer noopener\">premier cycle du Fonds ontarien d\u2019aide pour la microcertification<\/a> pour acc\u00e9l\u00e9rer la croissance des micro-titres de comp\u00e9tences et \u00e9largir l\u2019offre de programmes. Apr\u00e8s un appel de propositions r\u00e9ussi, l\u2019Ontario approuve plus de 65 projets dans des coll\u00e8ges, des universit\u00e9s, des instituts autochtones et des coll\u00e8ges de formation professionnelle dans toute la province, cr\u00e9ant plus de 300 nouveaux micro-titres de comp\u00e9tences pour soutenir environ 6 000 apprenants et apprenantes.<\/p>\n<\/div>\n<\/div>\n\n\n\n<div class=\"heading-container\"><h2 class=\"heading\"><span class=\"year\">2022<\/span><span class=\"text\">eCampusOntario lance le r\u00e9f\u00e9rentiel sur les micro-titres de comp\u00e9tences<\/span><\/h2><\/div>\n\n\n\n<div class=\"wp-block-columns border border-bottom-0 d-flex is-layout-flex wp-container-core-columns-is-layout-9d6595d7 wp-block-columns-is-layout-flex\">\n<div class=\"wp-block-column is-layout-flow wp-block-column-is-layout-flow\" style=\"flex-basis:20%\"><div class=\"wp-block-image\">\n<figure class=\"aligncenter size-full\"><img loading=\"lazy\" decoding=\"async\" width=\"249\" height=\"247\" src=\"https:\/\/microlearnontario.ca\/wp-content\/uploads\/2025\/04\/2022-icon.png\" alt=\"\" class=\"wp-image-709\" style=\"object-fit:cover\" srcset=\"https:\/\/microlearnontario.ca\/wp-content\/uploads\/2025\/04\/2022-icon.png 249w, https:\/\/microlearnontario.ca\/wp-content\/uploads\/2025\/04\/2022-icon-150x150.png 150w\" sizes=\"auto, (max-width: 249px) 100vw, 249px\" \/><\/figure>\n<\/div><\/div>\n\n\n\n<div class=\"wp-block-column is-layout-flow wp-block-column-is-layout-flow\" style=\"flex-basis:80%\">\n<p class=\"underline-paragraph-link padding-1\">Le <a href=\"https:\/\/ecampusontario.pressbooks.pub\/microcredentialtoolkit\/front-matter\/welcome-to-the-toolkit\/\" target=\"_blank\" rel=\"noreferrer noopener\">r\u00e9f\u00e9rentiel sur les micro-titres de comp\u00e9tences<\/a> d\u2019eCampusOntario explique comment tirer profit des occasions et relever les d\u00e9fis au chapitre de l\u2019\u00e9laboration de micro titres de comp\u00e9tences en fonction de trois th\u00e8mes principaux : la collaboration, les structures et la reconnaissance. Il offre \u00e9galement des suggestions pratiques de praticiens qui ont \u00e9labor\u00e9 des micro-titres de comp\u00e9tences dans des \u00e9tablissements postsecondaires de l\u2019Ontario. Ces praticiens partagent leurs connaissances sur l\u2019\u00e9laboration de micro-titres de comp\u00e9tences sur la base de leurs propres exp\u00e9riences.<\/p>\n<\/div>\n<\/div>\n\n\n\n<div class=\"wp-block-columns border border-top-0 mb-1 is-layout-flex wp-container-core-columns-is-layout-9d6595d7 wp-block-columns-is-layout-flex\">\n<div class=\"wp-block-column is-layout-flow wp-block-column-is-layout-flow\">\n<p class=\"underline-paragraph-link padding-1\">Le r\u00e9f\u00e9rentiel sur les micro-titres de comp\u00e9tences a \u00e9t\u00e9 \u00e9labor\u00e9 par des chefs de file de la communaut\u00e9 des micro-titres de comp\u00e9tences qui se sont port\u00e9s volontaires pour participer \u00e0 des groupes de travail dirig\u00e9s par eCampusOntario, et partager leurs connaissances pratiques et leur exp\u00e9rience relative \u00e0 l\u2019\u00e9laboration de micro-titres de comp\u00e9tences dans des \u00e9tablissements postsecondaires.<\/p>\n<\/div>\n<\/div>\n\n\n\n<div class=\"heading-container\"><h2 class=\"heading\"><span class=\"year\">2023<\/span><span class=\"text\">Le portail des micro-titres de comp\u00e9tences int\u00e8gre\nles donn\u00e9es du march\u00e9 du travail<\/span><\/h2><\/div>\n\n\n\n<div class=\"wp-block-columns border border-bottom-0 d-flex is-layout-flex wp-container-core-columns-is-layout-9d6595d7 wp-block-columns-is-layout-flex\">\n<div class=\"wp-block-column is-layout-flow wp-block-column-is-layout-flow\" style=\"flex-basis:20%\"><div class=\"wp-block-image\">\n<figure class=\"aligncenter size-full\"><img loading=\"lazy\" decoding=\"async\" width=\"247\" height=\"229\" src=\"https:\/\/microlearnontario.ca\/wp-content\/uploads\/2025\/04\/2023-icon.png\" alt=\"\" class=\"wp-image-715\" style=\"object-fit:cover\"\/><\/figure>\n<\/div><\/div>\n\n\n\n<div class=\"wp-block-column is-layout-flow wp-block-column-is-layout-flow\" style=\"flex-basis:80%\">\n<p class=\"underline-paragraph-link padding-1\">Le portail des micro-titres de comp\u00e9tences permet aux apprenants d\u2019effectuer une recherche en fonction de leurs emplois actuels ou pass\u00e9s et de recevoir des recommandations personnalis\u00e9es de programmes de micro-titres de comp\u00e9tences en fonction de l\u2019alignement avec leurs comp\u00e9tences existantes. Il exploite d\u00e9sormais les informations sur le march\u00e9 du travail de la Classification nationale des professions (CNP), du Syst\u00e8me d\u2019information sur les professions et les comp\u00e9tences (SIPeC), de l\u2019Occupational Information Network (O*NET), du Mod\u00e8le des professions, des comp\u00e9tences et des technologies (MPCT), de Vicinity Jobs, de l\u2019Enqu\u00eate sur la population active du Canada et du Syst\u00e8me de classification des industries de l\u2019Am\u00e9rique du Nord (SCIAN).<\/p>\n<\/div>\n<\/div>\n\n\n\n<div class=\"wp-block-columns border border-top-0 mb-1 is-layout-flex wp-container-core-columns-is-layout-9d6595d7 wp-block-columns-is-layout-flex\">\n<div class=\"wp-block-column is-layout-flow wp-block-column-is-layout-flow\">\n<p class=\"underline-paragraph-link padding-1\">De plus, le portail pr\u00e9sente des perspectives professionnelles, et des indicateurs d\u2019embauches positives ou n\u00e9gatives afin de mettre en \u00e9vidence les perspectives d\u2019emploi, et met en avant des programmes dans trois secteurs d\u2019activit\u00e9 recherch\u00e9s. Gr\u00e2ce aux nouvelles donn\u00e9es issues des informations sur le march\u00e9 du travail, le portail des micro-titres de comp\u00e9tences permet aux apprenants de trouver plus facilement la formation qui correspond \u00e0 leurs objectifs de carri\u00e8re.<\/p>\n\n\n\n<p class=\"underline-paragraph-link padding-1\">Le portail utilise OpportuAvenir, un outil de carri\u00e8re mis au point par le Conference Board du Canada en partenariat avec le Centre des comp\u00e9tences futures, qui fournit des donn\u00e9es \u00e0 ses algorithmes.<\/p>\n<\/div>\n<\/div>\n\n\n\n<div class=\"heading-container\"><h2 class=\"heading\"><span class=\"year\">2024<\/span><span class=\"text\">Le portail des micro-titres de comp\u00e9tences s\u2019agrandit pour aider les apprenants et les employeurs<\/span><\/h2><\/div>\n\n\n\n<div class=\"wp-block-columns border border-bottom-0 d-flex is-layout-flex wp-container-core-columns-is-layout-9d6595d7 wp-block-columns-is-layout-flex\">\n<div class=\"wp-block-column is-layout-flow wp-block-column-is-layout-flow\" style=\"flex-basis:20%\"><div class=\"wp-block-image\">\n<figure class=\"aligncenter size-full\"><img loading=\"lazy\" decoding=\"async\" width=\"286\" height=\"205\" src=\"https:\/\/microlearnontario.ca\/wp-content\/uploads\/2025\/04\/2021-icon-1.png\" alt=\"\" class=\"wp-image-719\" style=\"object-fit:cover\"\/><\/figure>\n<\/div><\/div>\n\n\n\n<div class=\"wp-block-column is-layout-flow wp-block-column-is-layout-flow\" style=\"flex-basis:80%\">\n<p class=\"underline-paragraph-link padding-1\">Le portail lance une nouvelle interface pour les employeurs exploitant les informations sur le march\u00e9 du travail, laquelle permet aux entreprises d\u2019effectuer des recherches par comp\u00e9tence, par titre de poste ou par technologie afin de trouver des programmes de formation rapide correspondant \u00e0 leurs objectifs de perfectionnement ou d\u2019embauche. L\u2019interface permet \u00e9galement aux employeurs de transmettre des renseignements sur leurs besoins en formation ou en recrutement avec les \u00e9tablissements postsecondaires, facilitant ainsi les liens entre les secteurs, les \u00e9ducateurs et les dipl\u00f4m\u00e9s qualifi\u00e9s. Des outils intelligents d\u2019IA dans un panneau d\u2019administration sont ajout\u00e9s au programme dorsal afin de soutenir l\u2019automatisation de l\u2019\u00e9tiquetage des informations sur le march\u00e9 du travail dans les programmes.<\/p>\n<\/div>\n<\/div>\n\n\n\n<div class=\"wp-block-columns border border-top-0 mb-1 is-layout-flex wp-container-core-columns-is-layout-9d6595d7 wp-block-columns-is-layout-flex\">\n<div class=\"wp-block-column is-layout-flow wp-block-column-is-layout-flow\">\n<p class=\"underline-paragraph-link padding-1\">Pour les apprenants, les listes du portail des micro-titres de comp\u00e9tences sont \u00e9tendues de mani\u00e8re \u00e0 inclure les micro-titres de comp\u00e9tences qui ne sont pas admissibles au RAFEO. Les pages des programmes pr\u00e9sentent d\u00e9sormais des informations sur les partenariats avec les employeurs et sur la possibilit\u00e9 de cumul (pour d\u00e9terminer si un micro-titre de comp\u00e9tences peut d\u00e9boucher sur un titre de comp\u00e9tences postsecondaire plus important). Par exemple, les nouvelles listes peuvent inclure des programmes de 14 semaines qui d\u00e9passent le maximum de 11 semaines pour le RAFEO, des micro-titres de comp\u00e9tences con\u00e7us pour les professionnels qui ne sont pas admissibles au RAFEO, et des programmes qui sont offerts \u00e0 bas prix ou gratuitement, pour lesquels les \u00e9tablissements n\u2019ont pas cherch\u00e9 \u00e0 obtenir le soutien du RAFEO. Cette am\u00e9lioration du portail permet de r\u00e9pondre plus efficacement aux besoins des apprenants, tout en soutenant le perfectionnement des comp\u00e9tences recherch\u00e9es dans une vari\u00e9t\u00e9 de secteurs et en aidant les \u00e9tablissements membres \u00e0 obtenir des inscriptions \u00e0 leurs programmes.<\/p>\n<\/div>\n<\/div>\n\n\n\n<div class=\"heading-container\"><h2 class=\"heading\"><span class=\"year\">2025<\/span><span class=\"text\">La r\u00e9silience \u00e9conomique et l\u2019avenir du perfectionnement 2025 des comp\u00e9tences<\/span><\/h2><\/div>\n\n\n\n<div class=\"wp-block-columns border border-bottom-0 d-flex is-layout-flex wp-container-core-columns-is-layout-9d6595d7 wp-block-columns-is-layout-flex\">\n<div class=\"wp-block-column is-layout-flow wp-block-column-is-layout-flow\" style=\"flex-basis:20%\"><div class=\"wp-block-image\">\n<figure class=\"aligncenter size-full\"><img loading=\"lazy\" decoding=\"async\" width=\"260\" height=\"231\" src=\"https:\/\/microlearnontario.ca\/wp-content\/uploads\/2025\/04\/2025-icon.png\" alt=\"\" class=\"wp-image-733\" style=\"object-fit:cover\"\/><\/figure>\n<\/div><\/div>\n\n\n\n<div class=\"wp-block-column is-layout-flow wp-block-column-is-layout-flow\" style=\"flex-basis:80%\">\n<ul class=\"wp-block-list underline-paragraph-link padding-1\">\n<li>L\u2019Ontario est confront\u00e9 \u00e0 des d\u00e9fis \u00e9conomiques uniques en 2025. Nous faisons face \u00e0 une guerre commerciale sans pr\u00e9c\u00e9dent avec notre principal partenaire commercial, tandis que le Canada continue d\u2019accuser un retard de productivit\u00e9 par rapport \u00e0 ses pairs de l\u2019Organisation de coop\u00e9ration et de d\u00e9veloppement \u00e9conomiques (OCDE).<\/li>\n<\/ul>\n<\/div>\n<\/div>\n\n\n\n<div class=\"wp-block-columns border border-top-0 mb-1 padding-1 is-layout-flex wp-container-core-columns-is-layout-9d6595d7 wp-block-columns-is-layout-flex\">\n<div class=\"wp-block-column is-layout-flow wp-block-column-is-layout-flow\">\n<ul class=\"wp-block-list underline-paragraph-link  padding-1\">\n<li>Les \u00e9tudes postsecondaires peuvent contribuer \u00e0 relever ces d\u00e9fis en perfectionnant les comp\u00e9tences de la population active, c\u2019est-\u00e0-dire en permettant aux gens de suivre des programmes et d\u2019obtenir de bons emplois.<\/li>\n\n\n\n<li>eCampusOntario continue d&rsquo;\u00e9tendre les capacit\u00e9s de la plateforme et d&rsquo;offrir aux \u00e9tablissements de l&rsquo;Ontario une formation continue aliment\u00e9e par l&rsquo;IMT.<\/li>\n\n\n\n<li>Cette expansion permettra aux apprenants de trouver des possibilit\u00e9s de formation dans leur zone g\u00e9ographique, et aidera les prestataires de formation \u00e0 commercialiser leurs programmes pour r\u00e9pondre aux besoins r\u00e9gionaux en mati\u00e8re de main-d\u2019oeuvre. Elle offrira un meilleur acc\u00e8s au perfectionnement des comp\u00e9tences et \u00e0 la formation dans l&rsquo;ensemble du pays.<\/li>\n\n\n\n<li class=\"underline-paragraph-link\">Pour soutenir les apprenant\u00b7e\u00b7s dans le partage de leurs comp\u00e9tences aupr\u00e8s des employeurs et de leur r\u00e9seau professionnel, eCampusOntario a lanc\u00e9 une version am\u00e9lior\u00e9e du <a href=\"https:\/\/credentials-wallet.ecampusontario.ca\/welcome\" target=\"_blank\" rel=\"noreferrer noopener\">portefeuille de titres de comp\u00e9tences num\u00e9riques<\/a> en 2025. Propuls\u00e9 par la technologie de la cha\u00eene de blocs, cette plateforme permet de conserver, g\u00e9rer et d\u2019afficher des micro-titres de comp\u00e9tences num\u00e9riques. Con\u00e7u dans un souci de long\u00e9vit\u00e9 et de portabilit\u00e9, le portefeuille permet aux apprenant\u00b7e\u00b7s d\u2019acc\u00e9der en permanence \u00e0 leurs titres de comp\u00e9tences num\u00e9riques. Fini les certificats perdus ou les fichiers introuvables. <a href=\"https:\/\/scribehow.com\/page\/Le_portefeuille_de_titres_de_competences_numeriques_deCampusOntario__itzileLfRz-29qPCjTIRtw\" target=\"_blank\" rel=\"noreferrer noopener\">Cr\u00e9er un portefeuille<\/a> ne prend que quelques clics.<\/li>\n<\/ul>\n<\/div>\n<\/div>\n\n\n\n<\/div><\/div>\n\n\n\n<div class=\"cta-footer-banner\">\n\t<div class=\"content\">\n\t\t<div class=\"banner-text\">\n\t\t\tPr\u00eat \u00e0 commencer? <span class=\"bold\">Trouvez un cours de micro-titre de comp\u00e9tences d\u00e8s aujourd\u2019hui. Parcourir les cours.<\/span>\n\t\t<\/div>\n\t\t<a href=\"https:\/\/microlearnontario.ca\/fr\/micro-credential-search\/\" class=\"mat-flat-button mat-primary\">\n\t\t\t<span class=\"mat-button-wrapper\">Parcourir Les Cours<\/span>\n\t\t<\/a>\n\t<\/div>\n<\/div>\n","protected":false},"excerpt":{"rendered":"<p>L\u2019histoire du portail des micro-titres de comp\u00e9tences Le portail des micro-titres de comp\u00e9tences est la plateforme officielle de perfectionnement des comp\u00e9tences du gouvernement de l\u2019Ontario et l\u2019une des principales composantes de la Strat\u00e9gie des micro-titres de comp\u00e9tences de l\u2019Ontario. Cette plateforme, aliment\u00e9e par l\u2019information sur le march\u00e9 du travail, permet aux utilisateurs de trouver des [&hellip;]<\/p>\n","protected":false},"author":6,"featured_media":838,"parent":0,"menu_order":0,"comment_status":"closed","ping_status":"closed","template":"page-template\/home.php","meta":{"footnotes":""},"class_list":["post-839","page","type-page","status-publish","has-post-thumbnail","hentry"],"_links":{"self":[{"href":"https:\/\/microlearnontario.ca\/fr\/wp-json\/wp\/v2\/pages\/839","targetHints":{"allow":["GET"]}}],"collection":[{"href":"https:\/\/microlearnontario.ca\/fr\/wp-json\/wp\/v2\/pages"}],"about":[{"href":"https:\/\/microlearnontario.ca\/fr\/wp-json\/wp\/v2\/types\/page"}],"author":[{"embeddable":true,"href":"https:\/\/microlearnontario.ca\/fr\/wp-json\/wp\/v2\/users\/6"}],"replies":[{"embeddable":true,"href":"https:\/\/microlearnontario.ca\/fr\/wp-json\/wp\/v2\/comments?post=839"}],"version-history":[{"count":13,"href":"https:\/\/microlearnontario.ca\/fr\/wp-json\/wp\/v2\/pages\/839\/revisions"}],"predecessor-version":[{"id":970,"href":"https:\/\/microlearnontario.ca\/fr\/wp-json\/wp\/v2\/pages\/839\/revisions\/970"}],"wp:featuredmedia":[{"embeddable":true,"href":"https:\/\/microlearnontario.ca\/fr\/wp-json\/wp\/v2\/media\/838"}],"wp:attachment":[{"href":"https:\/\/microlearnontario.ca\/fr\/wp-json\/wp\/v2\/media?parent=839"}],"curies":[{"name":"wp","href":"https:\/\/api.w.org\/{rel}","templated":true}]}}