{"id":998,"date":"2026-01-21T19:57:57","date_gmt":"2026-01-21T19:57:57","guid":{"rendered":"https:\/\/microlearnontario.ca\/ai-fundamentals\/"},"modified":"2026-04-02T20:33:56","modified_gmt":"2026-04-02T20:33:56","slug":"ai-fundamentals","status":"publish","type":"page","link":"https:\/\/microlearnontario.ca\/fr\/ai-fundamentals\/","title":{"rendered":"Ressources d&rsquo;apprentissage gratuites"},"content":{"rendered":"\n<section class=\"ai-hero-section\" aria-labelledby=\"aiHeroTitle\">\n\t\t\t\t<div class=\"ai-hero-content\">\n\t\t\t\t\t<div class=\"ai-hero-text\">\n\t\t\t\t\t\t<h1 id=\"aiHeroTitle\">Ressources d&rsquo;apprentissage gratuites<\/h1>\n\t\t\t\t\t<\/div>\n\n\t\t\t\t\t<div class=\"ai-hero-image\">\n\t\t\t\t\t\t<picture>\n\t\t\t\t\t\t\t<img decoding=\"async\" loading=\"lazy\" src=\"https:\/\/skillsforjobs.ca\/images\/ai-resources-landing.png\" alt=\"People learning together in a classroom environment\" height=\"400\" width=\"600\">\n\t\t\t\t\t\t<\/picture>\n\t\t\t\t\t<\/div>\n\t\t\t\t<\/div>\n\t\t\t<\/section>\n\n\t\t\t<!-- AI Fundamentals Section -->\n\t\t\t<section class=\"ai-details-section\" aria-labelledby=\"aiFundamentalsTitle\">\n\t\t\t\t<div class=\"ai-details-container\" id=\"ai\">\n\t\t\t\t\t<h2 id=\"aiFundamentalsTitle\">S\u00e9rie de micro-cours sur les principes fondamentaux de l\u2019intelligence artificielle (IA)<\/h2>\n\t\t\t\t\t<p id=\"aiFundamentalsDescription\">D\u00e9couvrez la s\u00e9rie de micro-cours sur les principes fondamentaux de l\u2019intelligence artificielle, une formation gratuite con\u00e7ue en partenariat par eCampusOntario et le Durham\u202fCollege afin d\u2019aider les Canadiennes et les Canadiens \u00e0 se familiariser avec l\u2019IA et \u00e0 renforcer leurs comp\u00e9tences num\u00e9riques.<\/p>\n\n\t\t\t\t\t<!-- AI Modules Cards -->\n\t\t\t\t\t<div class=\"ai-modules-grid\">\n\t\t\t\t\t\t<!-- Module 1 -->\n\t\t\t\t\t\t<div class=\"ai-module-card\">\n\t\t\t\t\t\t\t<div class=\"ai-module-logo\">\n\t\t\t\t\t\t\t\t<img loading=\"lazy\" decoding=\"async\" src=\"https:\/\/skillsforjobs.ca\/images\/durham-college-logo.png\" alt=\"Durham College - Success Matters\" height=\"80\" width=\"200\">\n\t\t\t\t\t\t\t<\/div>\n\t\t\t\t\t\t\t<h3 id=\"module1Title\">Module 1 : Qu&rsquo;est-ce que l&rsquo;IA? \u00c0 l\u2019int\u00e9rieur de la \u00ab bo\u00eete noire \u00bb<\/h3>\n\t\t\t\t\t\t\t<p id=\"module1Description\">Ce module d&rsquo;introduction explique en termes simples et concrets ce qu&rsquo;est r\u00e9ellement l&rsquo;IA : comment elle fonctionne, en quoi elle diff\u00e8re des logiciels traditionnels et pourquoi elle se propage rapidement dans tous les secteurs. Vous pourrez ainsi diff\u00e9rencier en toute confiance les capacit\u00e9s r\u00e9elles de l&rsquo;IA de l&rsquo;engouement m\u00e9diatique.<\/p>\n\t\t\t\t\t\t\t<a href=\"https:\/\/labs.theaihub.ca\/fr\/ai-fundamentals?utmsource=skills+for+jobs&amp;utm_medium=s4jc&amp;utm_campaign=s4jc&amp;utm_id=1\" data-href-en=\"https:\/\/labs.theaihub.ca\/ai-fundamentals?utm_source=skills+for+jobs&amp;utm_medium=s4jc&amp;utm_campaign=s4jc&amp;utm_id=1\" data-href-fr=\"https:\/\/labs.theaihub.ca\/fr\/ai-fundamentals?utmsource=skills+for+jobs&amp;utm_medium=s4jc&amp;utm_campaign=s4jc&amp;utm_id=1\" class=\"mat-flat-button mat-accent ai-module-button bilingual-link\" target=\"_blank\" rel=\"noopener noreferrer\" id=\"module1Button\" aria-label=\"Learn more about Module 1: What is AI? (opens in new tab)\">\n\t\t\t\t\t\t\t\t<span class=\"ai-button-text\">EN SAVOIR PLUS<\/span>\n\t\t\t\t\t\t\t<\/a>\n\t\t\t\t\t\t<\/div>\n\n\t\t\t\t\t\t<!-- Module 2 -->\n\t\t\t\t\t\t<div class=\"ai-module-card\">\n\t\t\t\t\t\t\t<div class=\"ai-module-logo\">\n\t\t\t\t\t\t\t\t<img loading=\"lazy\" decoding=\"async\" src=\"https:\/\/skillsforjobs.ca\/images\/durham-college-logo.png\" alt=\"Durham College - Success Matters\" height=\"80\" width=\"200\">\n\t\t\t\t\t\t\t<\/div>\n\t\t\t\t\t\t\t<h3 id=\"module2Title\">Module 2 : Types d&rsquo;IA &#8211; Les deux cerveaux<\/h3>\n\t\t\t\t\t\t\t<p id=\"module2Description\">Ce module d\u00e9mystifie l&rsquo;IA pr\u00e9dictive et l\u2019IA g\u00e9n\u00e9rative en expliquant ce que chacune fait, o\u00f9 elles sont utilis\u00e9es et pourquoi les organisations les choisissent. \u00c0 l&rsquo;aide d\u2019exemples concrets et clairs, vous apprenez comment l&rsquo;IA facilite les pr\u00e9visions, l&rsquo;automatisation, la cr\u00e9ation de contenu et la prise de d\u00e9cision, sans avoir besoin de connaissances techniques particuli\u00e8res.<\/p>\n\t\t\t\t\t\t\t<a href=\"https:\/\/labs.theaihub.ca\/fr\/ai-fundamentals?utmsource=skills+for+jobs&amp;utm_medium=s4jc&amp;utm_campaign=s4jc&amp;utm_id=1\" data-href-en=\"https:\/\/labs.theaihub.ca\/ai-fundamentals?utm_source=skills+for+jobs&amp;utm_medium=s4jc&amp;utm_campaign=s4jc&amp;utm_id=1\" data-href-fr=\"https:\/\/labs.theaihub.ca\/fr\/ai-fundamentals?utmsource=skills+for+jobs&amp;utm_medium=s4jc&amp;utm_campaign=s4jc&amp;utm_id=1\" class=\"mat-flat-button mat-accent ai-module-button bilingual-link\" target=\"_blank\" rel=\"noopener noreferrer\" id=\"module2Button\" aria-label=\"Learn more about Module 2: AI Types &amp; Uses (opens in new tab)\">\n\t\t\t\t\t\t\t\t<span class=\"ai-button-text\">EN SAVOIR PLUS<\/span>\n\t\t\t\t\t\t\t<\/a>\n\t\t\t\t\t\t<\/div>\n\n\t\t\t\t\t\t<!-- Module 3 -->\n\t\t\t\t\t\t<div class=\"ai-module-card\">\n\t\t\t\t\t\t\t<div class=\"ai-module-logo\">\n\t\t\t\t\t\t\t\t<img loading=\"lazy\" decoding=\"async\" src=\"https:\/\/skillsforjobs.ca\/images\/durham-college-logo.png\" alt=\"Durham College - Success Matters\" height=\"80\" width=\"200\">\n\t\t\t\t\t\t\t<\/div>\n\t\t\t\t\t\t\t<h3 id=\"module3Title\">Module 3 : L&rsquo;IA dans tous les secteurs<\/h3>\n\t\t\t\t\t\t\t<p id=\"module3Description\">Ce module montre comment l&rsquo;IA transforme d\u00e9j\u00e0 le travail quotidien dans tous les secteurs, des soins de sant\u00e9 \u00e0 la construction, \u00e0 l&rsquo;aide d&rsquo;exemples pratiques qui vous aident \u00e0 identifier les domaines dans lesquels l&rsquo;IA modifie d\u00e9j\u00e0 votre r\u00f4le, ceux dans lesquels elle est susceptible d&rsquo;avoir un impact sur votre organisation \u00e0 l&rsquo;avenir, et comment l&rsquo;utiliser efficacement.<\/p>\n\t\t\t\t\t\t\t<a href=\"https:\/\/labs.theaihub.ca\/fr\/ai-fundamentals?utmsource=skills+for+jobs&amp;utm_medium=s4jc&amp;utm_campaign=s4jc&amp;utm_id=1\" data-href-en=\"https:\/\/labs.theaihub.ca\/en\/ai-fundamentals?utm_source=skills%20for%20jobs&amp;utm_medium=s4jc&amp;utm_campaign=s4jc&amp;utm_id=1\" data-href-fr=\"https:\/\/labs.theaihub.ca\/fr\/ai-fundamentals?utmsource=skills+for+jobs&amp;utm_medium=s4jc&amp;utm_campaign=s4jc&amp;utm_id=1\" class=\"mat-flat-button mat-accent ai-module-button bilingual-link\" target=\"_blank\" rel=\"noopener noreferrer\" id=\"module3Button\" aria-label=\"Learn more about Module 3: AI Across Industries (opens in new tab)\">\n\t\t\t\t\t\t\t\t<span class=\"ai-button-text\">EN SAVOIR PLUS<\/span>\n\t\t\t\t\t\t\t<\/a>\n\t\t\t\t\t\t<\/div>\n\n\t\t\t\t\t\t<!-- Module 4 -->\n\t\t\t\t\t\t<div class=\"ai-module-card\">\n\t\t\t\t\t\t\t<div class=\"ai-module-logo\">\n\t\t\t\t\t\t\t\t<img loading=\"lazy\" decoding=\"async\" src=\"https:\/\/skillsforjobs.ca\/images\/durham-college-logo.png\" alt=\"Durham College - Success Matters\" height=\"80\" width=\"200\">\n\t\t\t\t\t\t\t<\/div>\n\t\t\t\t\t\t\t<h3 id=\"module4Title\">Module 4 : Introduction aux outils d&rsquo;IA<\/h3>\n\t\t\t\t\t\t\t<p id=\"module4Description\">Ce module propose une introduction pratique aux outils d&rsquo;IA courants. Il vous apprend \u00e0 les utiliser efficacement, \u00e0 comprendre leurs points forts et leurs limites, et \u00e0 les exploiter judicieusement pour am\u00e9liorer votre productivit\u00e9, r\u00e9soudre des probl\u00e8mes et prendre des d\u00e9cisions, sans avoir besoin de connaissances techniques particuli\u00e8res.<\/p>\n\t\t\t\t\t\t\t<a href=\"https:\/\/labs.theaihub.ca\/fr\/ai-fundamentals?utmsource=skills+for+jobs&amp;utm_medium=s4jc&amp;utm_campaign=s4jc&amp;utm_id=1\" data-href-en=\"https:\/\/labs.theaihub.ca\/en\/ai-fundamentals?utm_source=skills%20for%20jobs&amp;utm_medium=s4jc&amp;utm_campaign=s4jc&amp;utm_id=1\" data-href-fr=\"https:\/\/labs.theaihub.ca\/fr\/ai-fundamentals?utmsource=skills+for+jobs&amp;utm_medium=s4jc&amp;utm_campaign=s4jc&amp;utm_id=1\" class=\"mat-flat-button mat-accent ai-module-button bilingual-link\" target=\"_blank\" rel=\"noopener noreferrer\" id=\"module4Button\" aria-label=\"Learn more about Module 4: Introduction to AI Tools (opens in new tab)\">\n\t\t\t\t\t\t\t\t<span class=\"ai-button-text\">EN SAVOIR PLUS<\/span>\n\t\t\t\t\t\t\t<\/a>\n\t\t\t\t\t\t<\/div>\n\n\t\t\t\t\t\t<!-- Module 5 -->\n\t\t\t\t\t\t<div class=\"ai-module-card\">\n\t\t\t\t\t\t\t<div class=\"ai-module-logo\">\n\t\t\t\t\t\t\t\t<img loading=\"lazy\" decoding=\"async\" src=\"https:\/\/skillsforjobs.ca\/images\/durham-college-logo.png\" alt=\"Durham College - Success Matters\" height=\"80\" width=\"200\">\n\t\t\t\t\t\t\t<\/div>\n\t\t\t\t\t\t\t<h3 id=\"module5Title\">Module 5 : Utilisation s\u00fbre et responsable de l&rsquo;IA<\/h3>\n\t\t\t\t\t\t\t<p id=\"module5Description\">Ce module vous apprend \u00e0 utiliser l&rsquo;IA de mani\u00e8re responsable en comprenant ses limites (enjeux li\u00e9s \u00e0 la qualit\u00e9 des donn\u00e9es, biais, inexactitudes et drapeaux rouges), afin d\u2019en tirer parti efficacement tout en faisant preuve de discernement.<\/p>\n\t\t\t\t\t\t\t<a href=\"https:\/\/labs.theaihub.ca\/fr\/ai-fundamentals?utmsource=skills+for+jobs&amp;utm_medium=s4jc&amp;utm_campaign=s4jc&amp;utm_id=1\" data-href-en=\"https:\/\/labs.theaihub.ca\/en\/ai-fundamentals?utm_source=skills%20for%20jobs&amp;utm_medium=s4jc&amp;utm_campaign=s4jc&amp;utm_id=1\" data-href-fr=\"https:\/\/labs.theaihub.ca\/fr\/ai-fundamentals?utmsource=skills+for+jobs&amp;utm_medium=s4jc&amp;utm_campaign=s4jc&amp;utm_id=1\" class=\"mat-flat-button mat-accent ai-module-button bilingual-link\" target=\"_blank\" rel=\"noopener noreferrer\" id=\"module5Button\" aria-label=\"Learn more about Module 5: Safe and Responsible AI Use (opens in new tab)\">\n\t\t\t\t\t\t\t\t<span class=\"ai-button-text\">EN SAVOIR PLUS<\/span>\n\t\t\t\t\t\t\t<\/a>\n\t\t\t\t\t\t<\/div>\n\n\t\t\t\t\t\t<!-- Module 6 -->\n\t\t\t\t\t\t<div class=\"ai-module-card\">\n\t\t\t\t\t\t\t<div class=\"ai-module-logo\">\n\t\t\t\t\t\t\t\t<img loading=\"lazy\" decoding=\"async\" src=\"https:\/\/skillsforjobs.ca\/images\/durham-college-logo.png\" alt=\"Durham College - Success Matters\" height=\"80\" width=\"200\">\n\t\t\t\t\t\t\t<\/div>\n\t\t\t\t\t\t\t<h3 id=\"module6Title\">Module 6 : Principes fondamentaux des donn\u00e9es &#8211; Confidentialit\u00e9, s\u00e9curit\u00e9 et souverainet\u00e9<\/h3>\n\t\t\t\t\t\t\t<p id=\"module6Description\">Ce module vous sensibilise aux risques li\u00e9s aux donn\u00e9es dans le domaine de l&rsquo;IA : il explique comment les probl\u00e8mes de confidentialit\u00e9, de s\u00e9curit\u00e9 et de propri\u00e9t\u00e9 se posent. Gr\u00e2ce \u00e0 des sc\u00e9narios pratiques, vous apprenez \u00e0 d\u00e9celer l&rsquo;exposition de donn\u00e9es sensibles, \u00e0 adopter de bonnes habitudes quand vous les traitez, et \u00e0 prendre des d\u00e9cisions plus s\u00fbres lorsque vous utilisez des outils d&rsquo;IA au travail.<\/p>\n\t\t\t\t\t\t\t<a href=\"https:\/\/labs.theaihub.ca\/fr\/ai-fundamentals?utmsource=skills+for+jobs&amp;utm_medium=s4jc&amp;utm_campaign=s4jc&amp;utm_id=1\" data-href-en=\"https:\/\/labs.theaihub.ca\/en\/ai-fundamentals?utm_source=skills%20for%20jobs&amp;utm_medium=s4jc&amp;utm_campaign=s4jc&amp;utm_id=1\" data-href-fr=\"https:\/\/labs.theaihub.ca\/fr\/ai-fundamentals?utmsource=skills+for+jobs&amp;utm_medium=s4jc&amp;utm_campaign=s4jc&amp;utm_id=1\" class=\"mat-flat-button mat-accent ai-module-button bilingual-link\" target=\"_blank\" rel=\"noopener noreferrer\" id=\"module6Button\" aria-label=\"Learn more about Module 6: Data Fundamentals (opens in new tab)\">\n\t\t\t\t\t\t\t\t<span class=\"ai-button-text\">EN SAVOIR PLUS<\/span>\n\t\t\t\t\t\t\t<\/a>\n\t\t\t\t\t\t<\/div>\n\n\t\t\t\t\t\t<!-- Module 7 -->\n\t\t\t\t\t\t<div class=\"ai-module-card\">\n\t\t\t\t\t\t\t<div class=\"ai-module-logo\">\n\t\t\t\t\t\t\t\t<img loading=\"lazy\" decoding=\"async\" src=\"https:\/\/skillsforjobs.ca\/images\/durham-college-logo.png\" alt=\"Durham College - Success Matters\" height=\"80\" width=\"200\">\n\t\t\t\t\t\t\t<\/div>\n\t\t\t\t\t\t\t<h3 id=\"module7Title\">Module 7 : IA et propri\u00e9t\u00e9 intellectuelle<\/h3>\n\t\t\t\t\t\t\t<p id=\"module7Description\">Ce module explique comment la propri\u00e9t\u00e9, les droits d&rsquo;auteur et la responsabilit\u00e9 s&rsquo;appliquent au contenu g\u00e9n\u00e9r\u00e9 par l&rsquo;IA. Il clarifie la mani\u00e8re dont les r\u00e8gles actuelles conditionnent les r\u00e9sultats de l&rsquo;IA, les obligations qui incombent aux personnes et aux organisations, et les consid\u00e9rations dont il faut tenir compte quand vous utilisez l&rsquo;IA dans le cadre professionnel ou commercial. Vous prendrez ainsi des d\u00e9cisions \u00e9clair\u00e9es et concr\u00e8tes concernant la propri\u00e9t\u00e9 et un usage appropri\u00e9.<\/p>\n\t\t\t\t\t\t\t<a href=\"https:\/\/labs.theaihub.ca\/fr\/ai-fundamentals?utmsource=skills+for+jobs&amp;utm_medium=s4jc&amp;utm_campaign=s4jc&amp;utm_id=1\" data-href-en=\"https:\/\/labs.theaihub.ca\/en\/ai-fundamentals?utm_source=skills%20for%20jobs&amp;utm_medium=s4jc&amp;utm_campaign=s4jc&amp;utm_id=1\" data-href-fr=\"https:\/\/labs.theaihub.ca\/fr\/ai-fundamentals?utmsource=skills+for+jobs&amp;utm_medium=s4jc&amp;utm_campaign=s4jc&amp;utm_id=1\" class=\"mat-flat-button mat-accent ai-module-button bilingual-link\" target=\"_blank\" rel=\"noopener noreferrer\" id=\"module7Button\" aria-label=\"Learn more about Module 7: AI and Intellectual Property (opens in new tab)\">\n\t\t\t\t\t\t\t\t<span class=\"ai-button-text\">EN SAVOIR PLUS<\/span>\n\t\t\t\t\t\t\t<\/a>\n\t\t\t\t\t\t<\/div>\n\t\t\t\t\t<\/div>\n\t\t\t\t<\/div>\n\t\t\t<\/section>\n\n\n\n<style>\n\/* AI Fundamentals Page Styles *\/\n\n\/* Hero Section *\/\n\/* AI Hero Section *\/\n.ai-hero-section {\n\tbackground-color: #fbe9c1;\n\tpadding: clamp(40px, 6vw, 64px) clamp(24px, 5vw, 64px);\n}\n\n.ai-hero-content {\n\tdisplay: grid;\n\tgrid-template-columns: 1fr 1fr;\n\tgap: clamp(32px, 5vw, 64px);\n\talign-items: center;\n\tmax-width: 1200px;\n\tmargin-inline: auto;\n\n\t@media only screen and (max-width: 991px) {\n\t\tgrid-template-columns: 1fr;\n\t\tgap: 32px;\n\t}\n}\n\n.ai-hero-text h1 {\n\tcolor: var(--clr-aubergine);\n\tfont-size: clamp(32px, 4.5vw, 48px);\n\tfont-weight: 700;\n\tline-height: 1.2;\n\tmargin: 0;\n}\n\n.ai-hero-image {\n\tdisplay: flex;\n\tjustify-content: flex-end;\n\talign-items: center;\n\tposition: relative;\n\n\tpicture {\n\t\tmax-width: 400px;\n\t\twidth: 100%;\n\t\tdisplay: flex;\n\t\tposition: relative;\n\t}\n\n\tpicture::after {\n\t\tcontent: \"\";\n\t\tposition: absolute;\n\t\tbottom: -12px;\n\t\tright: -12px;\n\t\twidth: 100%;\n\t\theight: 100%;\n\t\tbackground-color: #f1b434;\n\t\tborder-radius: 8px;\n\t\tz-index: -1;\n\t}\n\n\timg {\n\t\twidth: 100%;\n\t\theight: auto;\n\t\tdisplay: block;\n\t}\n\n\t@media only screen and (max-width: 991px) {\n\t\torder: -1;\n\t\tjustify-content: center;\n\n\t\tpicture {\n\t\t\tmax-width: 350px;\n\t\t}\n\t}\n\n\t@media only screen and (max-width: 767px) {\n\t\tpicture {\n\t\t\tmax-width: 300px;\n\t\t}\n\t}\n}\n\n\/* AI Details Section *\/\n.ai-details-section {\n\tbackground-color: var(--clr-light);\n\tpadding: clamp(48px, 8vw, 80px) clamp(24px, 5vw, 64px);\n}\n\n.ai-details-container {\n\tmax-width: 1440px;\n\tmargin-inline: auto;\n\ttext-align: center;\n\n\th2 {\n\t\tcolor: var(--clr-aubergine);\n\t\tfont-size: clamp(28px, 4vw, 40px);\n\t\tfont-weight: 700;\n\t\tmargin-block-end: 24px;\n\t}\n\n\t> p {\n\t\tcolor: var(--clr-aubergine);\n\t\tfont-size: clamp(16px, 2.5vw, 18px);\n\t\tline-height: 1.6;\n\t\tmax-width: 800px;\n\t\tmargin-inline: auto;\n\t\tmargin-block-end: 48px;\n\t}\n}\n\n\/* AI Modules Grid *\/\n.ai-modules-grid {\n\tdisplay: grid;\n\tgrid-template-columns: repeat(3, 1fr);\n\tgap: 32px;\n\tmargin-block-start: 48px;\n\n\t@media only screen and (max-width: 991px) {\n\t\tgrid-template-columns: repeat(2, 1fr);\n\t}\n\n\t@media only screen and (max-width: 767px) {\n\t\tgrid-template-columns: 1fr;\n\t}\n}\n\n.ai-module-card {\n\tbackground-color: var(--clr-light);\n\n\tborder-radius: 12px;\n\tpadding: 32px 24px;\n\tdisplay: flex;\n\tflex-direction: column;\n\tgap: 20px;\n\ttext-align: left;\n\ttransition: all 0.25s ease-in-out;\n\tbox-shadow: 0 2px 8px rgba(0, 0, 0, 0.14);\n\n\t&:hover {\n\t\tbox-shadow: 0 8px 24px rgba(0, 0, 0, 0.18);\n\t}\n}\n\n.ai-module-logo {\n\tdisplay: flex;\n\tjustify-content: flex-start;\n\talign-items: center;\n\tmin-height: 80px;\n\n\timg {\n\t\tobject-fit: contain;\n\t}\n\n\t\/* Smaller width for Skillsfinder and techmien logos *\/\n\timg[src*=\"skillsfinder\"],\n\timg[src*=\"techmien\"] {\n\t\twidth: 150px;\n\t}\n}\n\n.ai-module-card h3 {\n\tcolor: var(--clr-aubergine);\n\tfont-size: clamp(20px, 3vw, 24px);\n\tfont-weight: 700;\n\tline-height: 1.3;\n\tmargin: 0;\n}\n\n.ai-module-card p {\n\tcolor: var(--clr-aubergine);\n\tfont-size: 16px;\n\tline-height: 1.6;\n\tmargin: 0;\n\tflex-grow: 1;\n}\n\n.ai-module-button {\n\tmargin-top: auto;\n\twidth: fit-content;\ncolor: #1e1a34;\n    background-color: #F1B434;\n\n&:hover {\n\t\tbackground-color: #f4c767;\ntext-decoration:none !important;\n\t}\n}\n\n.ai-module-coming-soon {\n\tmargin-top: auto;\n\tpadding: 12px 24px;\n\tborder: 2px solid #205c69;\n\tborder-radius: 6px;\n\tcolor: #205c69;\n\tfont-size: 14px;\n\tfont-weight: 700;\n\tletter-spacing: 0.5px;\n\ttext-align: center;\n\ttext-transform: uppercase;\n\twidth: fit-content;\n}\n\n\/* Additional Digital Learning Resources Section *\/\n.additional-resources-section {\n\tpadding: clamp(48px, 8vw, 80px) clamp(24px, 5vw, 64px);\n}\n\n\/* Browse Catalogue Section *\/\n.browse-catalogue-section {\n\tbackground: linear-gradient(135deg, #c8e4eb 0%, #d4e9ef 100%);\n\tpadding: clamp(48px, 8vw, 80px) clamp(24px, 5vw, 64px);\n\tdisplay: flex;\n\tjustify-content: center;\n\talign-items: center;\n}\n\n.browse-catalogue-container {\n\ttext-align: center;\n\tmax-width: 800px;\n}\n\n.browse-catalogue-title {\n\tfont-size: clamp(24px, 4vw, 32px);\n\tfont-weight: 700;\n\tcolor: #000;\n\tmargin: 0 0 32px 0;\n\tline-height: 1.3;\n}\n\n.browse-catalogue-button {\n\tdisplay: inline-flex;\n\talign-items: center;\n\tgap: 8px;\n\tpadding: 14px 32px;\n\tbackground-color: #1e1a34;\n\tcolor: #f1b434;\n\tfont-size: 16px;\n\tfont-weight: 700;\n\tletter-spacing: 0.5px;\n\ttext-transform: uppercase;\n\ttext-decoration: none;\n\tborder-radius: 6px;\n\ttransition: all 0.3s ease;\n\tcursor: pointer;\n\n\t&:hover {\n\t\tbackground-color: #f1b434;\n\t\tcolor: #1e1a34;\n\t\tborder: 1px solid #1e1a34;\n\t}\n\n\t&:focus {\n\t\toutline: 3px solid #205c69;\n\t\toutline-offset: 2px;\nbackground-color: #f1b434;\n\t\tcolor: #1e1a34;\n\t\tborder: 1px solid #1e1a34;\n\t}\n\n\tsvg {\n\t\ttransition: transform 0.3s ease;\n\t}\n\n\t&:hover svg {\n\t\ttransform: translateX(4px);\n\t}\n}\n\n<\/style>\n<script>\n\t\t\t\t\/\/ AI Module Learn More Button Click Tracking\n\t\t\t\tconst aiModuleButtons = document.querySelectorAll(\".ai-module-button\");\n\t\t\t\taiModuleButtons.forEach(function (button) {\n\t\t\t\t\tbutton.addEventListener(\"click\", function () {\n\t\t\t\t\t\tif (typeof gtag !== \"undefined\") {\n\t\t\t\t\t\t\tconst buttonId = button.getAttribute(\"id\");\n\t\t\t\t\t\t\tconst ariaLabel = button.getAttribute(\"aria-label\");\n\t\t\t\t\t\t\tconst clickedUrl = button.getAttribute(\"href\");\n\t\t\t\t\t\t\tconst moduleName = ariaLabel\n\t\t\t\t\t\t\t\t? ariaLabel\n\t\t\t\t\t\t\t\t\t\t.replace(\"Learn more about \", \"\")\n\t\t\t\t\t\t\t\t\t\t.replace(\" (opens in new tab)\", \"\")\n\t\t\t\t\t\t\t\t: buttonId;\n\n\t\t\t\t\t\t\tgtag(\"event\", \"click\", {\n\t\t\t\t\t\t\t\tevent_category: \"Micro-credentials\",\n\t\t\t\t\t\t\t\tevent_label: \"Learn More - \" + moduleName,\n\t\t\t\t\t\t\t\tpage_location: window.location.href,\n\t\t\t\t\t\t\t\tlink_url: clickedUrl,\n\t\t\t\t\t\t\t});\n\t\t\t\t\t\t}\n\t\t\t\t\t});\n\t\t\t\t});\n\t\t\t});\n\t\t<\/script>\n","protected":false},"excerpt":{"rendered":"<p>Ressources d&rsquo;apprentissage gratuites S\u00e9rie de micro-cours sur les principes fondamentaux de l\u2019intelligence artificielle (IA) D\u00e9couvrez la s\u00e9rie de micro-cours sur les principes fondamentaux de l\u2019intelligence artificielle, une formation gratuite con\u00e7ue en partenariat par eCampusOntario et le Durham\u202fCollege afin d\u2019aider les Canadiennes et les Canadiens \u00e0 se familiariser avec l\u2019IA et \u00e0 renforcer leurs comp\u00e9tences num\u00e9riques. [&hellip;]<\/p>\n","protected":false},"author":6,"featured_media":0,"parent":0,"menu_order":0,"comment_status":"closed","ping_status":"closed","template":"page-template\/home.php","meta":{"footnotes":""},"class_list":["post-998","page","type-page","status-publish","hentry"],"_links":{"self":[{"href":"https:\/\/microlearnontario.ca\/fr\/wp-json\/wp\/v2\/pages\/998","targetHints":{"allow":["GET"]}}],"collection":[{"href":"https:\/\/microlearnontario.ca\/fr\/wp-json\/wp\/v2\/pages"}],"about":[{"href":"https:\/\/microlearnontario.ca\/fr\/wp-json\/wp\/v2\/types\/page"}],"author":[{"embeddable":true,"href":"https:\/\/microlearnontario.ca\/fr\/wp-json\/wp\/v2\/users\/6"}],"replies":[{"embeddable":true,"href":"https:\/\/microlearnontario.ca\/fr\/wp-json\/wp\/v2\/comments?post=998"}],"version-history":[{"count":4,"href":"https:\/\/microlearnontario.ca\/fr\/wp-json\/wp\/v2\/pages\/998\/revisions"}],"predecessor-version":[{"id":1030,"href":"https:\/\/microlearnontario.ca\/fr\/wp-json\/wp\/v2\/pages\/998\/revisions\/1030"}],"wp:attachment":[{"href":"https:\/\/microlearnontario.ca\/fr\/wp-json\/wp\/v2\/media?parent=998"}],"curies":[{"name":"wp","href":"https:\/\/api.w.org\/{rel}","templated":true}]}}